{"id":988,"date":"2023-06-21T11:30:22","date_gmt":"2023-06-21T09:15:34","guid":{"rendered":"https:\/\/poeticavivace.com\/produit\/24-melodies-2nd-book-helene-cotinaud-cohen-for-piano\/"},"modified":"2023-06-21T11:17:48","modified_gmt":"2023-06-21T09:17:48","slug":"24-melodies-2nd-book-helene-cotinaud-cohen-for-piano","status":"publish","type":"product","link":"https:\/\/poeticavivace.com\/en\/produit\/24-melodies-2nd-book-helene-cotinaud-cohen-for-piano\/","title":{"rendered":"24 Melodies &#8211; 2nd book &#8211; H\u00e9l\u00e8ne Cotinaud-Cohen &#8211; for piano"},"content":{"rendered":"<p>24 Melodies &#8211; 2nd book &#8211; H\u00e9l\u00e8ne Cotinaud-Cohen<\/p>\n<p>For piano<\/p>\n","protected":false},"excerpt":{"rendered":"<p>24 Melodies &#8211; 2nd book &#8211; H\u00e9l\u00e8ne Cotinaud-Cohen<\/p>\n<p>For piano<\/p>\n","protected":false},"featured_media":992,"template":"","meta":[],"product_brand":[],"product_cat":[82,168],"product_tag":[],"class_list":{"0":"post-988","1":"product","2":"type-product","3":"status-publish","4":"has-post-thumbnail","6":"product_cat-for-piano","7":"product_cat-helene-cotinaud-cohen-en-2","9":"first","10":"instock","11":"taxable","12":"shipping-taxable","13":"purchasable","14":"product-type-simple"},"_links":{"self":[{"href":"https:\/\/poeticavivace.com\/en\/wp-json\/wp\/v2\/product\/988","targetHints":{"allow":["GET"]}}],"collection":[{"href":"https:\/\/poeticavivace.com\/en\/wp-json\/wp\/v2\/product"}],"about":[{"href":"https:\/\/poeticavivace.com\/en\/wp-json\/wp\/v2\/types\/product"}],"wp:featuredmedia":[{"embeddable":true,"href":"https:\/\/poeticavivace.com\/en\/wp-json\/wp\/v2\/media\/992"}],"wp:attachment":[{"href":"https:\/\/poeticavivace.com\/en\/wp-json\/wp\/v2\/media?parent=988"}],"wp:term":[{"taxonomy":"product_brand","embeddable":true,"href":"https:\/\/poeticavivace.com\/en\/wp-json\/wp\/v2\/product_brand?post=988"},{"taxonomy":"product_cat","embeddable":true,"href":"https:\/\/poeticavivace.com\/en\/wp-json\/wp\/v2\/product_cat?post=988"},{"taxonomy":"product_tag","embeddable":true,"href":"https:\/\/poeticavivace.com\/en\/wp-json\/wp\/v2\/product_tag?post=988"}],"curies":[{"name":"wp","href":"https:\/\/api.w.org\/{rel}","templated":true}]}}