{"id":987,"date":"2023-06-21T11:30:22","date_gmt":"2023-06-21T09:13:48","guid":{"rendered":"https:\/\/poeticavivace.com\/produit\/24-melodies-1st-book-helene-cotinaud-cohen-for-piano\/"},"modified":"2023-06-21T11:17:12","modified_gmt":"2023-06-21T09:17:12","slug":"24-melodies-1st-book-helene-cotinaud-cohen","status":"publish","type":"product","link":"https:\/\/poeticavivace.com\/en\/produit\/24-melodies-1st-book-helene-cotinaud-cohen\/","title":{"rendered":"24 Melodies &#8211; 1st book &#8211; H\u00e9l\u00e8ne Cotinaud-Cohen &#8211; for piano"},"content":{"rendered":"<p>24 Melodies &#8211; 1st book &#8211; H\u00e9l\u00e8ne Cotinaud-Cohen<\/p>\n<p>For piano<\/p>\n<p>&nbsp;<\/p>\n","protected":false},"excerpt":{"rendered":"<p>24 M\u00e9lodies &#8211; 1st book &#8211; H\u00e9l\u00e8ne Cotinaud-Cohen for piano<\/p>\n","protected":false},"featured_media":990,"template":"","meta":[],"product_brand":[],"product_cat":[82,168,86],"product_tag":[],"class_list":{"0":"post-987","1":"product","2":"type-product","3":"status-publish","4":"has-post-thumbnail","6":"product_cat-for-piano","7":"product_cat-helene-cotinaud-cohen-en-2","8":"product_cat-uncategorized-en","10":"first","11":"instock","12":"taxable","13":"shipping-taxable","14":"purchasable","15":"product-type-simple"},"_links":{"self":[{"href":"https:\/\/poeticavivace.com\/en\/wp-json\/wp\/v2\/product\/987","targetHints":{"allow":["GET"]}}],"collection":[{"href":"https:\/\/poeticavivace.com\/en\/wp-json\/wp\/v2\/product"}],"about":[{"href":"https:\/\/poeticavivace.com\/en\/wp-json\/wp\/v2\/types\/product"}],"wp:featuredmedia":[{"embeddable":true,"href":"https:\/\/poeticavivace.com\/en\/wp-json\/wp\/v2\/media\/990"}],"wp:attachment":[{"href":"https:\/\/poeticavivace.com\/en\/wp-json\/wp\/v2\/media?parent=987"}],"wp:term":[{"taxonomy":"product_brand","embeddable":true,"href":"https:\/\/poeticavivace.com\/en\/wp-json\/wp\/v2\/product_brand?post=987"},{"taxonomy":"product_cat","embeddable":true,"href":"https:\/\/poeticavivace.com\/en\/wp-json\/wp\/v2\/product_cat?post=987"},{"taxonomy":"product_tag","embeddable":true,"href":"https:\/\/poeticavivace.com\/en\/wp-json\/wp\/v2\/product_tag?post=987"}],"curies":[{"name":"wp","href":"https:\/\/api.w.org\/{rel}","templated":true}]}}