{"id":964,"date":"2023-04-23T19:41:23","date_gmt":"2023-04-23T17:48:31","guid":{"rendered":"https:\/\/poeticavivace.com\/produit\/naked-lunch-pascal-brechet\/"},"modified":"2023-04-23T19:48:33","modified_gmt":"2023-04-23T17:48:33","slug":"naked-lunch-pascal-brechet","status":"publish","type":"product","link":"https:\/\/poeticavivace.com\/en\/produit\/naked-lunch-pascal-brechet\/","title":{"rendered":"NAKED LUNCH Pascal Br\u00e9chet"},"content":{"rendered":"<p>NAKED LUNCH<\/p>\n<p>Pascal BR\u00c9CHET 8tet<\/p>\n<p>Pascal BR\u00c9CHET, Direction, Compositions, Arrangements, Guitar, FX<br \/>\nSophia DOMANCICH, Fender Rhodes<br \/>\nFran\u00e7ois COTINAUD, Tenor Saxophone, Clarinet<br \/>\nPhilippe LEMOINE, Tenor Saxophone<br \/>\nXavier DESCARPENTRIES, Trumpet, EWI, FX<br \/>\nJean-Luc PONTHIEUX, Bass, doublebasse<br \/>\nCyril HERNANDEZ, Percussions, voice, FX<br \/>\nEric GROLEAU, drums<\/p>\n<p>Total time :<br \/>\nCD1 : 50\u201959\u2019\u2019<br \/>\nCD2 : 51\u201904\u2019\u2019<\/p>\n<p>Creation concert recorded on 2011 june, 15th, at Arsenal, Soissons, France.<br \/>\nSound ingeneer, Mixage : Franck Saug\u00e9<br \/>\nMastering : Pascal Br\u00e9chet<br \/>\nPhotos : Ludovic Delobe<br \/>\nCover design : Juan Clemente<br \/>\nCover painting : Le Concert dans l&#8217;\u0153uf from J\u00e9r\u00f4me Bosch Date : XVIth century Mouvement : Renaissance flamande \/ Localisation : Palais des Beaux-Arts, Lille <\/p>\n<p>Produced by label Musivi, Jazz Bank.<\/p>\n","protected":false},"excerpt":{"rendered":"<p>NAKED LUNCH<\/p>\n<p>Pascal BR\u00c9CHET 8tet<\/p>\n<p>Pascal BR\u00c9CHET, Direction, Compositions, Arrangements, Guitar, FX<br \/>\nSophia DOMANCICH, Fender Rhodes<br \/>\nFran\u00e7ois COTINAUD, Tenor Saxophone, Clarinet<br \/>\nPhilippe LEMOINE, Tenor Saxophone<br \/>\nXavier DESCARPENTRIES, Trumpet, EWI, FX<br \/>\nJean-Luc PONTHIEUX, Bass, doublebasse<br \/>\nCyril HERNANDEZ, Percussions, voice, FX<br \/>\nEric GROLEAU, drums<\/p>\n","protected":false},"featured_media":963,"template":"","meta":[],"product_brand":[],"product_cat":[164,165,110,163,166,159,162,90,161,160],"product_tag":[],"class_list":{"0":"post-964","1":"product","2":"type-product","3":"status-publish","4":"has-post-thumbnail","6":"product_cat-cyril-hernandez-en","7":"product_cat-eric-groleau-en","8":"product_cat-francois-cotinaud-composer","9":"product_cat-jean-luc-ponthieux-en","10":"product_cat-juan-clemente-en","11":"product_cat-pascal-brechet-en-2","12":"product_cat-philippe-lemoine-en-2","13":"product_cat-records","14":"product_cat-sophia-domancich-en","15":"product_cat-xavier-descarpentries-en","17":"first","18":"instock","19":"taxable","20":"shipping-taxable","21":"purchasable","22":"product-type-simple"},"_links":{"self":[{"href":"https:\/\/poeticavivace.com\/en\/wp-json\/wp\/v2\/product\/964","targetHints":{"allow":["GET"]}}],"collection":[{"href":"https:\/\/poeticavivace.com\/en\/wp-json\/wp\/v2\/product"}],"about":[{"href":"https:\/\/poeticavivace.com\/en\/wp-json\/wp\/v2\/types\/product"}],"wp:featuredmedia":[{"embeddable":true,"href":"https:\/\/poeticavivace.com\/en\/wp-json\/wp\/v2\/media\/963"}],"wp:attachment":[{"href":"https:\/\/poeticavivace.com\/en\/wp-json\/wp\/v2\/media?parent=964"}],"wp:term":[{"taxonomy":"product_brand","embeddable":true,"href":"https:\/\/poeticavivace.com\/en\/wp-json\/wp\/v2\/product_brand?post=964"},{"taxonomy":"product_cat","embeddable":true,"href":"https:\/\/poeticavivace.com\/en\/wp-json\/wp\/v2\/product_cat?post=964"},{"taxonomy":"product_tag","embeddable":true,"href":"https:\/\/poeticavivace.com\/en\/wp-json\/wp\/v2\/product_tag?post=964"}],"curies":[{"name":"wp","href":"https:\/\/api.w.org\/{rel}","templated":true}]}}