{"id":754,"date":"2021-05-01T17:17:59","date_gmt":"2021-07-01T15:38:09","guid":{"rendered":"https:\/\/poeticavivace.com\/produit\/princesse-francois-cotinaud-quartet\/"},"modified":"2021-07-01T17:38:54","modified_gmt":"2021-07-01T15:38:54","slug":"princesse-francois-cotinaud-quartet","status":"publish","type":"product","link":"https:\/\/poeticavivace.com\/en\/produit\/princesse-francois-cotinaud-quartet\/","title":{"rendered":"Princesse &#8211; Fran\u00e7ois COTINAUD Quartet"},"content":{"rendered":"<p>Fran\u00e7ois Cotinaud (tenor and soprano saxophones)<br \/>\nHeri Paredes (piano)<br \/>\nThierry Colson (double bass)<br \/>\nRam\u00f3n L\u00f3pez (drums)<\/p>\n<p>&nbsp;<\/p>\n<p>\u00a9 1990<\/p>\n","protected":false},"excerpt":{"rendered":"<p>Fran\u00e7ois Cotinaud (tenor and soprano saxophones) Heri Paredes (piano) Thierry Colson (double bass) Ram\u00f3n L\u00f3pez (drums) &nbsp; \u00a9 1990<\/p>\n","protected":false},"featured_media":902,"template":"","meta":[],"product_brand":[],"product_cat":[110,90],"product_tag":[225,226],"class_list":{"0":"post-754","1":"product","2":"type-product","3":"status-publish","4":"has-post-thumbnail","6":"product_cat-francois-cotinaud-composer","7":"product_cat-records","8":"product_tag-francois-cotinaud-en","9":"product_tag-jazz-en","11":"first","12":"instock","13":"taxable","14":"shipping-taxable","15":"purchasable","16":"product-type-simple"},"_links":{"self":[{"href":"https:\/\/poeticavivace.com\/en\/wp-json\/wp\/v2\/product\/754","targetHints":{"allow":["GET"]}}],"collection":[{"href":"https:\/\/poeticavivace.com\/en\/wp-json\/wp\/v2\/product"}],"about":[{"href":"https:\/\/poeticavivace.com\/en\/wp-json\/wp\/v2\/types\/product"}],"wp:featuredmedia":[{"embeddable":true,"href":"https:\/\/poeticavivace.com\/en\/wp-json\/wp\/v2\/media\/902"}],"wp:attachment":[{"href":"https:\/\/poeticavivace.com\/en\/wp-json\/wp\/v2\/media?parent=754"}],"wp:term":[{"taxonomy":"product_brand","embeddable":true,"href":"https:\/\/poeticavivace.com\/en\/wp-json\/wp\/v2\/product_brand?post=754"},{"taxonomy":"product_cat","embeddable":true,"href":"https:\/\/poeticavivace.com\/en\/wp-json\/wp\/v2\/product_cat?post=754"},{"taxonomy":"product_tag","embeddable":true,"href":"https:\/\/poeticavivace.com\/en\/wp-json\/wp\/v2\/product_tag?post=754"}],"curies":[{"name":"wp","href":"https:\/\/api.w.org\/{rel}","templated":true}]}}