{"id":702,"date":"2022-05-19T11:28:12","date_gmt":"2021-06-19T10:12:51","guid":{"rendered":"https:\/\/poeticavivace.com\/produit\/rimbaud-et-son-double-francois-cotinaud\/"},"modified":"2021-06-19T12:12:54","modified_gmt":"2021-06-19T10:12:54","slug":"rimbaud-et-son-double-francois-cotinaud","status":"publish","type":"product","link":"https:\/\/poeticavivace.com\/en\/produit\/rimbaud-et-son-double-francois-cotinaud\/","title":{"rendered":"RIMBAUD ET SON DOUBLE &#8211; Fran\u00e7ois COTINAUD"},"content":{"rendered":"<p>CD1 &#8220;RIMBAUD ET M.A.O.&#8221;<br \/>\nFran\u00e7ois Cotinaud (tenor and soprano saxophones, clarinet, composition, voice)<br \/>\nPierre Charpy (percussions, electro-acoustic set)<\/p>\n<p>CD2 &#8220;PARADE SAUVAGE&#8221;<br \/>\n<a href=\"http:\/\/www.jazzbank.com\/musicien\/text_up_ensemble.html\">Ensemble Text&#8217;up<\/a><br \/>\nPascale Labb\u00e9 (voice)<br \/>\nFran\u00e7ois Cotinaud (tenor and soprano saxophones, clarinet, composition, voice)<br \/>\nFran\u00e7ois Choiselat (trombone)<br \/>\nJ\u00e9r\u00f4me Lefebvre (guitar)<br \/>\nSylvain Lem\u00eatre (percussions)<\/p>\n<p>+ Film DVD (Mathilde Mori\u00e8res) + clip by Olivier Guichard<\/p>\n<p>Cover design : Olivier Guichard (book: 40 pages)<\/p>\n<p>co-produced by la Muse en Circuit<\/p>\n","protected":false},"excerpt":{"rendered":"<p>CD1 &#8220;RIMBAUD ET M.A.O.&#8221; Fran\u00e7ois Cotinaud (tenor and soprano saxophones, clarinet, composition, voice) Pierre Charpy (percussions, electro-acoustic set) CD2 &#8220;PARADE SAUVAGE&#8221; Ensemble Text&#8217;up Pascale Labb\u00e9 (voice) Fran\u00e7ois Cotinaud (tenor and soprano saxophones, clarinet, composition, voice) Fran\u00e7ois Choiselat (trombone) J\u00e9r\u00f4me Lefebvre (guitar) Sylvain Lem\u00eatre (percussions) +&#8230;<\/p>\n","protected":false},"featured_media":906,"template":"","meta":[],"product_brand":[],"product_cat":[92,110,90],"product_tag":[],"class_list":{"0":"post-702","1":"product","2":"type-product","3":"status-publish","4":"has-post-thumbnail","6":"product_cat-film-dvd-en","7":"product_cat-francois-cotinaud-composer","8":"product_cat-records","10":"first","11":"instock","12":"taxable","13":"shipping-taxable","14":"purchasable","15":"product-type-simple"},"_links":{"self":[{"href":"https:\/\/poeticavivace.com\/en\/wp-json\/wp\/v2\/product\/702","targetHints":{"allow":["GET"]}}],"collection":[{"href":"https:\/\/poeticavivace.com\/en\/wp-json\/wp\/v2\/product"}],"about":[{"href":"https:\/\/poeticavivace.com\/en\/wp-json\/wp\/v2\/types\/product"}],"wp:featuredmedia":[{"embeddable":true,"href":"https:\/\/poeticavivace.com\/en\/wp-json\/wp\/v2\/media\/906"}],"wp:attachment":[{"href":"https:\/\/poeticavivace.com\/en\/wp-json\/wp\/v2\/media?parent=702"}],"wp:term":[{"taxonomy":"product_brand","embeddable":true,"href":"https:\/\/poeticavivace.com\/en\/wp-json\/wp\/v2\/product_brand?post=702"},{"taxonomy":"product_cat","embeddable":true,"href":"https:\/\/poeticavivace.com\/en\/wp-json\/wp\/v2\/product_cat?post=702"},{"taxonomy":"product_tag","embeddable":true,"href":"https:\/\/poeticavivace.com\/en\/wp-json\/wp\/v2\/product_tag?post=702"}],"curies":[{"name":"wp","href":"https:\/\/api.w.org\/{rel}","templated":true}]}}