{"id":701,"date":"2021-06-19T11:34:29","date_gmt":"2021-06-19T10:09:24","guid":{"rendered":"https:\/\/poeticavivace.com\/produit\/opera-ramon-lopez-francois-cotinaud\/"},"modified":"2021-06-19T12:09:28","modified_gmt":"2021-06-19T10:09:28","slug":"opera-ramon-lopez-francois-cotinaud","status":"publish","type":"product","link":"https:\/\/poeticavivace.com\/en\/produit\/opera-ramon-lopez-francois-cotinaud\/","title":{"rendered":"OPERA &#8211; Ramon LOPEZ &amp; Fran\u00e7ois COTINAUD"},"content":{"rendered":"<p>17 contemporary improvisations<\/p>\n<p>&nbsp;<\/p>\n<p>Ram\u00f3n L\u00f3pez (drums)<br \/>\n<small>Fran\u00e7ois Cotinaud (tenor and soprano saxophones)<\/small><\/p>\n<p>&nbsp;<\/p>\n<p>Recorded in Studio Gimmick (Yerres) by Philippe Teissier du Cros, in 1992.<\/p>\n","protected":false},"excerpt":{"rendered":"<p>17 contemporary improvisations &nbsp; Ram\u00f3n L\u00f3pez (drums) Fran\u00e7ois Cotinaud (tenor and soprano saxophones) &nbsp; Recorded in Studio Gimmick (Yerres) by Philippe Teissier du Cros, in 1992.<\/p>\n","protected":false},"featured_media":896,"template":"","meta":[],"product_brand":[],"product_cat":[110,265,90],"product_tag":[225,226],"class_list":{"0":"post-701","1":"product","2":"type-product","3":"status-publish","4":"has-post-thumbnail","6":"product_cat-francois-cotinaud-composer","7":"product_cat-ramon-lopez-en","8":"product_cat-records","9":"product_tag-francois-cotinaud-en","10":"product_tag-jazz-en","12":"first","13":"instock","14":"taxable","15":"shipping-taxable","16":"purchasable","17":"product-type-simple"},"_links":{"self":[{"href":"https:\/\/poeticavivace.com\/en\/wp-json\/wp\/v2\/product\/701","targetHints":{"allow":["GET"]}}],"collection":[{"href":"https:\/\/poeticavivace.com\/en\/wp-json\/wp\/v2\/product"}],"about":[{"href":"https:\/\/poeticavivace.com\/en\/wp-json\/wp\/v2\/types\/product"}],"wp:featuredmedia":[{"embeddable":true,"href":"https:\/\/poeticavivace.com\/en\/wp-json\/wp\/v2\/media\/896"}],"wp:attachment":[{"href":"https:\/\/poeticavivace.com\/en\/wp-json\/wp\/v2\/media?parent=701"}],"wp:term":[{"taxonomy":"product_brand","embeddable":true,"href":"https:\/\/poeticavivace.com\/en\/wp-json\/wp\/v2\/product_brand?post=701"},{"taxonomy":"product_cat","embeddable":true,"href":"https:\/\/poeticavivace.com\/en\/wp-json\/wp\/v2\/product_cat?post=701"},{"taxonomy":"product_tag","embeddable":true,"href":"https:\/\/poeticavivace.com\/en\/wp-json\/wp\/v2\/product_tag?post=701"}],"curies":[{"name":"wp","href":"https:\/\/api.w.org\/{rel}","templated":true}]}}