{"id":700,"date":"2021-06-19T11:35:43","date_gmt":"2021-06-19T10:07:29","guid":{"rendered":"https:\/\/poeticavivace.com\/produit\/pyramides-francois-cotinaud-sextet\/"},"modified":"2021-06-30T21:20:59","modified_gmt":"2021-06-30T19:20:59","slug":"pyramides-francois-cotinaud-sextet","status":"publish","type":"product","link":"https:\/\/poeticavivace.com\/en\/produit\/pyramides-francois-cotinaud-sextet\/","title":{"rendered":"PYRAMIDES &#8211; Fran\u00e7ois COTINAUD sextet &#8211; Enrico Rava and Glenn Ferris"},"content":{"rendered":"<p><small>Fran\u00e7ois COTINAUD (tenor and soprano saxophones)<\/small><br \/>\nGlenn Ferris (trombone)<br \/>\nEnrico Rava (trumpet)<br \/>\nHeri Paredes (piano)<br \/>\nThierry Colson (double bass)<br \/>\nRam\u00f3n L\u00f3pez (drums)<\/p>\n<p>&nbsp;<\/p>\n<p>Recorded in Studio Gimmick (Yerres) by Philippe Teissier du Cros, in 1992. Cover design by Fran\u00e7ois Cotinaud.<\/p>\n","protected":false},"excerpt":{"rendered":"<p>Fran\u00e7ois COTINAUD (tenor and soprano saxophones) Glenn Ferris (trombone) Enrico Rava (trumpet) Heri Paredes (piano) Thierry Colson (double bass) Ram\u00f3n L\u00f3pez (drums) &nbsp; Recorded in Studio Gimmick (Yerres) by Philippe Teissier du Cros, in 1992. Cover design by Fran\u00e7ois Cotinaud.<\/p>\n","protected":false},"featured_media":904,"template":"","meta":[],"product_brand":[],"product_cat":[110,90],"product_tag":[225,226],"class_list":{"0":"post-700","1":"product","2":"type-product","3":"status-publish","4":"has-post-thumbnail","6":"product_cat-francois-cotinaud-composer","7":"product_cat-records","8":"product_tag-francois-cotinaud-en","9":"product_tag-jazz-en","11":"first","12":"instock","13":"taxable","14":"shipping-taxable","15":"purchasable","16":"product-type-simple"},"_links":{"self":[{"href":"https:\/\/poeticavivace.com\/en\/wp-json\/wp\/v2\/product\/700","targetHints":{"allow":["GET"]}}],"collection":[{"href":"https:\/\/poeticavivace.com\/en\/wp-json\/wp\/v2\/product"}],"about":[{"href":"https:\/\/poeticavivace.com\/en\/wp-json\/wp\/v2\/types\/product"}],"wp:featuredmedia":[{"embeddable":true,"href":"https:\/\/poeticavivace.com\/en\/wp-json\/wp\/v2\/media\/904"}],"wp:attachment":[{"href":"https:\/\/poeticavivace.com\/en\/wp-json\/wp\/v2\/media?parent=700"}],"wp:term":[{"taxonomy":"product_brand","embeddable":true,"href":"https:\/\/poeticavivace.com\/en\/wp-json\/wp\/v2\/product_brand?post=700"},{"taxonomy":"product_cat","embeddable":true,"href":"https:\/\/poeticavivace.com\/en\/wp-json\/wp\/v2\/product_cat?post=700"},{"taxonomy":"product_tag","embeddable":true,"href":"https:\/\/poeticavivace.com\/en\/wp-json\/wp\/v2\/product_tag?post=700"}],"curies":[{"name":"wp","href":"https:\/\/api.w.org\/{rel}","templated":true}]}}