{"id":698,"date":"2023-05-24T17:31:19","date_gmt":"2021-06-19T09:54:36","guid":{"rendered":"https:\/\/poeticavivace.com\/produit\/lorphee-de-rilke-ensemble-luxus\/"},"modified":"2021-06-30T21:23:42","modified_gmt":"2021-06-30T19:23:42","slug":"lorphee-de-rilke-ensemble-luxus","status":"publish","type":"product","link":"https:\/\/poeticavivace.com\/en\/produit\/lorphee-de-rilke-ensemble-luxus\/","title":{"rendered":"L&#8217;Orph\u00e9e de Rilke &#8211; ensemble LUXUS &#8211; Pascale Labb\u00e9, Fran\u00e7ois Cotinaud, and J\u00e9r\u00f4me Lefebvre"},"content":{"rendered":"<p>Pascale Labb\u00e9, voice \/ Fran\u00e7ois Cotinaud, clarinet and t\u00e9nor saxophone \/ J\u00e9r\u00f4me Lefebvre, guitar<\/p>\n<p>Orpheus sonnets, by Rainer Maria Rilke, by ensemble Luxus, in 2015.<\/p>\n","protected":false},"excerpt":{"rendered":"<p>Pascale Labb\u00e9, voice \/ Fran\u00e7ois Cotinaud, clarinet and t\u00e9nor saxophone \/ J\u00e9r\u00f4me Lefebvre, guitar Orpheus sonnets, by Rainer Maria Rilke, by ensemble Luxus, in 2015.<\/p>\n","protected":false},"featured_media":886,"template":"","meta":[],"product_brand":[],"product_cat":[110,90],"product_tag":[],"class_list":{"0":"post-698","1":"product","2":"type-product","3":"status-publish","4":"has-post-thumbnail","6":"product_cat-francois-cotinaud-composer","7":"product_cat-records","9":"first","10":"instock","11":"taxable","12":"shipping-taxable","13":"purchasable","14":"product-type-simple"},"_links":{"self":[{"href":"https:\/\/poeticavivace.com\/en\/wp-json\/wp\/v2\/product\/698","targetHints":{"allow":["GET"]}}],"collection":[{"href":"https:\/\/poeticavivace.com\/en\/wp-json\/wp\/v2\/product"}],"about":[{"href":"https:\/\/poeticavivace.com\/en\/wp-json\/wp\/v2\/types\/product"}],"wp:featuredmedia":[{"embeddable":true,"href":"https:\/\/poeticavivace.com\/en\/wp-json\/wp\/v2\/media\/886"}],"wp:attachment":[{"href":"https:\/\/poeticavivace.com\/en\/wp-json\/wp\/v2\/media?parent=698"}],"wp:term":[{"taxonomy":"product_brand","embeddable":true,"href":"https:\/\/poeticavivace.com\/en\/wp-json\/wp\/v2\/product_brand?post=698"},{"taxonomy":"product_cat","embeddable":true,"href":"https:\/\/poeticavivace.com\/en\/wp-json\/wp\/v2\/product_cat?post=698"},{"taxonomy":"product_tag","embeddable":true,"href":"https:\/\/poeticavivace.com\/en\/wp-json\/wp\/v2\/product_tag?post=698"}],"curies":[{"name":"wp","href":"https:\/\/api.w.org\/{rel}","templated":true}]}}