{"id":697,"date":"2021-06-19T11:24:56","date_gmt":"2021-06-19T09:51:43","guid":{"rendered":"https:\/\/poeticavivace.com\/produit\/francois-cotinaud-fait-son-raymond-queneau\/"},"modified":"2021-06-19T11:51:56","modified_gmt":"2021-06-19T09:51:56","slug":"francois-cotinaud-fait-son-raymond-queneau","status":"publish","type":"product","link":"https:\/\/poeticavivace.com\/en\/produit\/francois-cotinaud-fait-son-raymond-queneau\/","title":{"rendered":"Fran\u00e7ois COTINAUD fait son Raymond QUENEAU"},"content":{"rendered":"<p>ENSEMBLE TEXT&#8217;UP<\/p>\n<p>Pascale Labb\u00e9 (voice)<\/p>\n<p>Fran\u00e7ois Cotinaud (saxophones soprano and t\u00e9nor, clarinet, composition, voice)<\/p>\n<p>Fran\u00e7ois Choiselat (trombone, voice)<\/p>\n<p>J\u00e9r\u00f4me Lefebvre (guitar, voice)<\/p>\n<p>Sylvain Lem\u00eatre (percussions, voice)<\/p>\n<p>+ Serge Adam (trumpet) guest<\/p>\n<p>Recorded in 2002 to studio La Buissonne.<\/p>\n","protected":false},"excerpt":{"rendered":"<p>ENSEMBLE TEXT&#8217;UP Pascale Labb\u00e9 (voice) Fran\u00e7ois Cotinaud (saxophones soprano and t\u00e9nor, clarinet, composition, voice) Fran\u00e7ois Choiselat (trombone, voice) J\u00e9r\u00f4me Lefebvre (guitar, voice) Sylvain Lem\u00eatre (percussions, voice) + Serge Adam (trumpet) guest Recorded in 2002 to studio La Buissonne.<\/p>\n","protected":false},"featured_media":882,"template":"","meta":[],"product_brand":[],"product_cat":[223,110,220,221,90,224,222],"product_tag":[225,227,228],"class_list":{"0":"post-697","1":"product","2":"type-product","3":"status-publish","4":"has-post-thumbnail","6":"product_cat-francois-choiselat-en","7":"product_cat-francois-cotinaud-composer","8":"product_cat-jerome-lefebvre-en","9":"product_cat-pascale-labbe-en","10":"product_cat-records","11":"product_cat-serge-adam-en","12":"product_cat-sylvain-lemetre-en","13":"product_tag-francois-cotinaud-en","14":"product_tag-raymond-queneau-en","15":"product_tag-serge-adam-en","17":"first","18":"instock","19":"taxable","20":"shipping-taxable","21":"purchasable","22":"product-type-simple"},"_links":{"self":[{"href":"https:\/\/poeticavivace.com\/en\/wp-json\/wp\/v2\/product\/697","targetHints":{"allow":["GET"]}}],"collection":[{"href":"https:\/\/poeticavivace.com\/en\/wp-json\/wp\/v2\/product"}],"about":[{"href":"https:\/\/poeticavivace.com\/en\/wp-json\/wp\/v2\/types\/product"}],"wp:featuredmedia":[{"embeddable":true,"href":"https:\/\/poeticavivace.com\/en\/wp-json\/wp\/v2\/media\/882"}],"wp:attachment":[{"href":"https:\/\/poeticavivace.com\/en\/wp-json\/wp\/v2\/media?parent=697"}],"wp:term":[{"taxonomy":"product_brand","embeddable":true,"href":"https:\/\/poeticavivace.com\/en\/wp-json\/wp\/v2\/product_brand?post=697"},{"taxonomy":"product_cat","embeddable":true,"href":"https:\/\/poeticavivace.com\/en\/wp-json\/wp\/v2\/product_cat?post=697"},{"taxonomy":"product_tag","embeddable":true,"href":"https:\/\/poeticavivace.com\/en\/wp-json\/wp\/v2\/product_tag?post=697"}],"curies":[{"name":"wp","href":"https:\/\/api.w.org\/{rel}","templated":true}]}}