{"id":634,"date":"2023-05-24T17:30:07","date_gmt":"2021-06-16T10:41:41","guid":{"rendered":"https:\/\/poeticavivace.com\/produit\/mosaiques-soundpainting-with-francois-cotinaud-and-benjamin-de-la-fuente\/"},"modified":"2021-12-17T23:24:04","modified_gmt":"2021-12-17T22:24:04","slug":"mosaiques-soundpainting-with-francois-cotinaud-and-benjamin-de-la-fuente","status":"publish","type":"product","link":"https:\/\/poeticavivace.com\/en\/produit\/mosaiques-soundpainting-with-francois-cotinaud-and-benjamin-de-la-fuente\/","title":{"rendered":"Mosa\u00efques &#8211; Soundpainting with Fran\u00e7ois Cotinaud and Benjamin de la Fuente"},"content":{"rendered":"<p><span style=\"font-family: Verdana;\"><big><big>The Wide-Open Work!<br \/>\n<\/big><\/big><br \/>\nIn this album, Benjamin de la Fuente and Fran\u00e7ois Cotinaud further develop the Open Work concept launched much earlier by John Cage, Earle Brown (Open Form), Pierre Boulez, Karlheinz Stockhausen, Mauricio Kagel, and Henri Pousseur. In an Open Work the relation between composer and performer is redefined: both choose what path the work takes in a performance, rousing the listener\u2019s awareness of this mobility.<br \/>\nIn Mosa\u00efques, the work\u2019s multiple pathways are traced by the soundpainter and the performers, who draw on compositional elements to improvise on, cite, modify, develop or transform. The soundpainter steers the performance continuously, changing tempo, orchestration, reference material, sound quality and phrasing, colour and disjuncture.<br \/>\nThe soundpainter and the performers thus act jointly and variously to craft a subtly different work at every concert.<\/span><\/p>\n<p>The composers : Fran\u00e7ois Cotinaud, soundpainter, composer and musician, founded the Soundpainting Festival in Paris (2013 and 2014). He recorded the first Soundpainting CD in France with the Klangfarbe ensemble: Monologue de Schoenberg, Variations sur une collection de timbres. www.jazzbank.com<br \/>\nHe did in 2016 a short direction with Ensemble Intercontemorain, on the Philharmonie stage of Paris, within a Fran\u00e7ois Ross\u00e9&#8217;s piece. This experiment of Soundpainting with EIC soloists inspire the &#8220;Mosa\u00efques&#8221; project.<\/p>\n<p>Benjamin de la Fuente is a composer who has been especially active in the bridging of written and improvised music. He has worked for the Orchestre National de Jazz, and with contemporary ensembles, including Ictus, TM+, and the Orchestre philharmonique de Radio France. He is also an improviser in his own right. With Bruno Chevillon, Eric Echampard, and Samuel Sighicelli, he founded the Sphota Company and set up the Caravaggio Project. <\/p>\n<p>The Ensemble Multilat\u00e9rale, of which Yann Robin is Artistic Director, and L\u00e9o Warynski Musical Director, is supported by the Minist\u00e8re de la Culture et de la Communication \u2013 Drac Ile-de-France, Spedidam and Sacem The Ensemble\u2019s repertory includes both the great works of the 20th century and those of a new generation of composers. multilaterale.fr<\/p>\n<p>Walter Thompson&#8217;s Soundpainting is a universal multidisciplinary live composing sign language.<\/p>\n","protected":false},"excerpt":{"rendered":"<p><span style=\"font-family: Verdana;\">Soundpainting Collection<br \/>\n<small>Livret 8 pages fran\u00e7ais et anglais<\/small>.<br \/>\n <a href=\"http:\/\/www.jazzbank.com\/Presse\/Mosaiques_Cotinaud_Fuente_Multilaterale_CitizenJazz.pdf\"> Disque \u00e9lu<\/a> &#8211; Disque \u00e9lu &#8211; meilleur disque de l&#8217;ann\u00e9e &#8211; par Citizen Jazz<br \/>\n4 \u00e9toiles <a href=\"http:\/\/www.jazzbank.com\/Presse\/Mosaiques_Jazzman_Jazzmag.pdf\">Jazzmag<\/a><br \/>\n<a href=\"http:\/\/www.jazzbank.com\/Presse\/Mosaiques_CultureJazz.pdf\">OUI !<\/a> sur Culture Jazz par Jean Buzelin (Jazz ou pas jazz)<br \/>\n<a href=\"http:\/\/www.jazzbank.com\/Presse\/Mosaiques_CultureJazz_2018_Gros.pdf\">OUI !<\/a> par Pierre Gros, sur l&#8217;Appeal de disques (Culture Jazz)<br \/>\n<\/span><\/p>\n<p><span style=\"font-family: Verdana;\">Fran\u00e7ois COTINAUD soundpainting, compositions<br \/>\nBenjamin de la FUENTE compositions<\/span><\/p>\n<p>Solistes of Multilat\u00e9rale ensemble<br \/>\nSamuel BRICAULT flute<br \/>\nDiane CHIRAT-BATTELLO oboe<br \/>\nBogdan SYDORENKO clarinet<br \/>\nRaphael DUCHATEAU trumpet<br \/>\nMathieu ADAM trombone<br \/>\nH\u00e9l\u00e8ne COLOMBOTTI percussion<br \/>\nAur\u00e9lie SARAF harp<br \/>\nLise BAUDOUIN piano<br \/>\nPieter JANSEN violin<br \/>\nPablo TOGNAN cello<\/p>\n<p><span style=\"font-family: Verdana;\"><br \/>\nLabel Musivi<br \/>\nDistribution Musea<br \/>\n<\/span><\/p>\n","protected":false},"featured_media":894,"template":"","meta":[],"product_brand":[],"product_cat":[110,90],"product_tag":[],"class_list":{"0":"post-634","1":"product","2":"type-product","3":"status-publish","4":"has-post-thumbnail","6":"product_cat-francois-cotinaud-composer","7":"product_cat-records","9":"first","10":"instock","11":"featured","12":"taxable","13":"shipping-taxable","14":"purchasable","15":"product-type-simple"},"_links":{"self":[{"href":"https:\/\/poeticavivace.com\/en\/wp-json\/wp\/v2\/product\/634","targetHints":{"allow":["GET"]}}],"collection":[{"href":"https:\/\/poeticavivace.com\/en\/wp-json\/wp\/v2\/product"}],"about":[{"href":"https:\/\/poeticavivace.com\/en\/wp-json\/wp\/v2\/types\/product"}],"wp:featuredmedia":[{"embeddable":true,"href":"https:\/\/poeticavivace.com\/en\/wp-json\/wp\/v2\/media\/894"}],"wp:attachment":[{"href":"https:\/\/poeticavivace.com\/en\/wp-json\/wp\/v2\/media?parent=634"}],"wp:term":[{"taxonomy":"product_brand","embeddable":true,"href":"https:\/\/poeticavivace.com\/en\/wp-json\/wp\/v2\/product_brand?post=634"},{"taxonomy":"product_cat","embeddable":true,"href":"https:\/\/poeticavivace.com\/en\/wp-json\/wp\/v2\/product_cat?post=634"},{"taxonomy":"product_tag","embeddable":true,"href":"https:\/\/poeticavivace.com\/en\/wp-json\/wp\/v2\/product_tag?post=634"}],"curies":[{"name":"wp","href":"https:\/\/api.w.org\/{rel}","templated":true}]}}