{"id":477,"date":"2021-05-31T11:59:21","date_gmt":"2021-05-31T09:59:21","guid":{"rendered":"https:\/\/poeticavivace.com\/home\/"},"modified":"2026-03-19T14:59:47","modified_gmt":"2026-03-19T13:59:47","slug":"home","status":"publish","type":"page","link":"https:\/\/poeticavivace.com\/en\/","title":{"rendered":"Home"},"content":{"rendered":"<p>[vc_row css_animation=&#8221;&#8221; row_type=&#8221;row&#8221; use_row_as_full_screen_section=&#8221;no&#8221; type=&#8221;grid&#8221; angled_section=&#8221;no&#8221; text_align=&#8221;center&#8221; background_image_as_pattern=&#8221;without_pattern&#8221; z_index=&#8221;&#8221;][vc_column][vc_empty_space height=&#8221;68px&#8221;][vc_single_image image=&#8221;453&#8243; img_size=&#8221;full&#8221; alignment=&#8221;center&#8221; qode_css_animation=&#8221;&#8221;][vc_empty_space height=&#8221;38px&#8221;][vc_column_text]<\/p>\n<h1>Poetica Vivace editions<\/h1>\n<p>[\/vc_column_text][vc_empty_space height=&#8221;28px&#8221;][vc_column_text]<\/p>\n<h4>Poetica Vivace publishes works by contemporary composer Fran\u00e7ois Cotinaud : 36 pieces including works for choir, two string quartets, pieces for saxophonne.<\/h4>\n<h4>. Lydian studies for clarinet for all levels of learning, including the mastery of many modes de jeu.<\/h4>\n<p>[\/vc_column_text][vc_empty_space height=&#8221;68px&#8221;][\/vc_column][\/vc_row][vc_row css_animation=&#8221;&#8221; row_type=&#8221;row&#8221; use_row_as_full_screen_section=&#8221;no&#8221; type=&#8221;grid&#8221; angled_section=&#8221;no&#8221; text_align=&#8221;center&#8221; background_image_as_pattern=&#8221;without_pattern&#8221; padding_top=&#8221;20&#8243; padding_bottom=&#8221;20&#8243; z_index=&#8221;&#8221;][vc_column]<div class=\"qode-pl-holder qode-standard-layout qode-large-space qode-four-columns qode-info-on-image  \"  data-type=\"standard\" data-info-position=\"info-on-image\" data-number-of-posts=\"4\" data-number-of-columns=\"4\" data-space-between-items=\"large\" data-show-ordering-filter=\"no\" data-orderby=\"date\" data-order=\"DESC\" data-show-category-filter=\"no\" data-show-all-item-in-filter=\"yes\" data-taxonomy-to-display=\"category\" data-taxonomy-values=\"pour-choeur,pour-clarinette,pour-piano\" data-image-size=\"full\" data-display-title=\"yes\" data-title-tag=\"h4\" data-display-category=\"no\" data-display-excerpt=\"no\" data-excerpt-length=\"20\" data-display-rating=\"no\" data-display-price=\"yes\" data-holder-classes=\"qode-standard-layout qode-large-space qode-four-columns qode-info-on-image  \" data-class-name=\"pli\">\n\t                        <div class=\"qode-prl-loading\">\n            <span class=\"qode-prl-loading-msg\">Loading...<\/span>\n        <\/div>\n        <div class=\"qode-pl-outer\">\n            <div class=\"qode-pli qode-full-size product type-product post-1119 status-publish first instock product_cat-for-choir product_cat-for-piano product_cat-francois-cotinaud-composer product_tag-choir-en product_tag-ciceron-en product_tag-francois-cotinaud-en product_tag-piano-en has-post-thumbnail taxable shipping-taxable purchasable product-type-simple\">\n\t<div class=\"qode-pli-inner\">\n\t\t<div class=\"qode-pli-image\">\n\t\t\t\n\n<img loading=\"lazy\" decoding=\"async\" width=\"1240\" height=\"1754\" src=\"https:\/\/poeticavivace.com\/wp-content\/uploads\/2024\/08\/OmnisStultos-PV018-1.jpg\" class=\"attachment-full size-full wp-post-image\" alt=\"\" srcset=\"https:\/\/poeticavivace.com\/wp-content\/uploads\/2024\/08\/OmnisStultos-PV018-1.jpg 1240w, https:\/\/poeticavivace.com\/wp-content\/uploads\/2024\/08\/OmnisStultos-PV018-1-212x300.jpg 212w, https:\/\/poeticavivace.com\/wp-content\/uploads\/2024\/08\/OmnisStultos-PV018-1-724x1024.jpg 724w, https:\/\/poeticavivace.com\/wp-content\/uploads\/2024\/08\/OmnisStultos-PV018-1-768x1086.jpg 768w, https:\/\/poeticavivace.com\/wp-content\/uploads\/2024\/08\/OmnisStultos-PV018-1-1086x1536.jpg 1086w, https:\/\/poeticavivace.com\/wp-content\/uploads\/2024\/08\/OmnisStultos-PV018-1-700x990.jpg 700w, https:\/\/poeticavivace.com\/wp-content\/uploads\/2024\/08\/OmnisStultos-PV018-1-300x424.jpg 300w, https:\/\/poeticavivace.com\/wp-content\/uploads\/2024\/08\/OmnisStultos-PV018-1-600x849.jpg 600w, https:\/\/poeticavivace.com\/wp-content\/uploads\/2024\/08\/OmnisStultos-PV018-1-42x60.jpg 42w, https:\/\/poeticavivace.com\/wp-content\/uploads\/2024\/08\/OmnisStultos-PV018-1-64x90.jpg 64w\" sizes=\"auto, (max-width: 1240px) 100vw, 1240px\" \/>\t\t<\/div>\n\t\t<div class=\"qode-pli-text\">\n\t\t\t<div class=\"qode-pli-text-outer\">\n\t\t\t\t<div class=\"qode-pli-text-inner\">\n\t\t\t\t\t    <h4 itemprop=\"name\" class=\"entry-title qode-pli-title\" >\n\t\t<a itemprop=\"url\" href=\"https:\/\/poeticavivace.com\/en\/produit\/omnis-stultos-insanire-choir-and-piano-francois-cotinaud\/\">Omnis stultos insanire &#8211; choir and piano &#8211; Fran\u00e7ois COTINAUD<\/a>\n\t<\/h4>\n\t\t\t\t\t\n\t\t\t\t\t\t\t\t\t\t\n\t\t\t\t\t\t\t\t\t\t\n\t\t\t\t\t\t\t\t\t\t\n\t\t\t\t\t\t<div class=\"qode-pli-price\"><span class=\"woocommerce-Price-amount amount\"><bdi>18,50<span class=\"woocommerce-Price-currencySymbol\">&euro;<\/span><\/bdi><\/span><\/div>\n\n\t\t\t\t<\/div>\n\t\t\t<\/div>\n\t\t<\/div>\n\t\t<a class=\"qode-pli-link\" itemprop=\"url\" href=\"https:\/\/poeticavivace.com\/en\/produit\/omnis-stultos-insanire-choir-and-piano-francois-cotinaud\/\" title=\"Omnis stultos insanire &#8211; choir and piano &#8211; Fran\u00e7ois COTINAUD\"><\/a>\n\t<\/div>\n<\/div><div class=\"qode-pli qode-full-size product type-product post-1088 status-publish instock product_cat-for-bass product_cat-for-guitar product_cat-for-piano product_cat-for-saxophone product_cat-for-trombone product_cat-for-trumpet product_cat-francois-cotinaud-composer product_cat-glenn-ferris-en product_cat-heri-paredes-en product_cat-ramon-lopez-en product_cat-thierry-colson-en product_tag-ficus-en product_tag-francois-cotinaud-en product_tag-glenn-ferris-en product_tag-jazz-en product_tag-ramon-lopez-en has-post-thumbnail downloadable virtual taxable purchasable product-type-simple\">\n\t<div class=\"qode-pli-inner\">\n\t\t<div class=\"qode-pli-image\">\n\t\t\t\n\n<img loading=\"lazy\" decoding=\"async\" width=\"1240\" height=\"1754\" src=\"https:\/\/poeticavivace.com\/wp-content\/uploads\/2024\/05\/Ficus.jpg\" class=\"attachment-full size-full wp-post-image\" alt=\"\" srcset=\"https:\/\/poeticavivace.com\/wp-content\/uploads\/2024\/05\/Ficus.jpg 1240w, https:\/\/poeticavivace.com\/wp-content\/uploads\/2024\/05\/Ficus-212x300.jpg 212w, https:\/\/poeticavivace.com\/wp-content\/uploads\/2024\/05\/Ficus-724x1024.jpg 724w, https:\/\/poeticavivace.com\/wp-content\/uploads\/2024\/05\/Ficus-768x1086.jpg 768w, https:\/\/poeticavivace.com\/wp-content\/uploads\/2024\/05\/Ficus-1086x1536.jpg 1086w, https:\/\/poeticavivace.com\/wp-content\/uploads\/2024\/05\/Ficus-700x990.jpg 700w, https:\/\/poeticavivace.com\/wp-content\/uploads\/2024\/05\/Ficus-300x424.jpg 300w, https:\/\/poeticavivace.com\/wp-content\/uploads\/2024\/05\/Ficus-600x849.jpg 600w, https:\/\/poeticavivace.com\/wp-content\/uploads\/2024\/05\/Ficus-42x60.jpg 42w, https:\/\/poeticavivace.com\/wp-content\/uploads\/2024\/05\/Ficus-64x90.jpg 64w\" sizes=\"auto, (max-width: 1240px) 100vw, 1240px\" \/>\t\t<\/div>\n\t\t<div class=\"qode-pli-text\">\n\t\t\t<div class=\"qode-pli-text-outer\">\n\t\t\t\t<div class=\"qode-pli-text-inner\">\n\t\t\t\t\t    <h4 itemprop=\"name\" class=\"entry-title qode-pli-title\" >\n\t\t<a itemprop=\"url\" href=\"https:\/\/poeticavivace.com\/en\/produit\/ficus\/\">FICUS<\/a>\n\t<\/h4>\n\t\t\t\t\t\n\t\t\t\t\t\t\t\t\t\t\n\t\t\t\t\t\t\t\t\t\t\n\t\t\t\t\t\t\t\t\t\t\n\t\t\t\t\t\t<div class=\"qode-pli-price\"><span class=\"woocommerce-Price-amount amount\"><bdi>3,00<span class=\"woocommerce-Price-currencySymbol\">&euro;<\/span><\/bdi><\/span><\/div>\n\n\t\t\t\t<\/div>\n\t\t\t<\/div>\n\t\t<\/div>\n\t\t<a class=\"qode-pli-link\" itemprop=\"url\" href=\"https:\/\/poeticavivace.com\/en\/produit\/ficus\/\" title=\"FICUS\"><\/a>\n\t<\/div>\n<\/div><div class=\"qode-pli qode-full-size product type-product post-1051 status-publish instock product_cat-for-cello product_cat-for-clarinet product_cat-francois-cotinaud-composer has-post-thumbnail featured downloadable virtual taxable purchasable product-type-simple\">\n\t<div class=\"qode-pli-inner\">\n\t\t<div class=\"qode-pli-image\">\n\t\t\t\n\n<img loading=\"lazy\" decoding=\"async\" width=\"1240\" height=\"1754\" src=\"https:\/\/poeticavivace.com\/wp-content\/uploads\/2024\/05\/Dialogue-couverture-1.jpg\" class=\"attachment-full size-full wp-post-image\" alt=\"\" srcset=\"https:\/\/poeticavivace.com\/wp-content\/uploads\/2024\/05\/Dialogue-couverture-1.jpg 1240w, https:\/\/poeticavivace.com\/wp-content\/uploads\/2024\/05\/Dialogue-couverture-1-212x300.jpg 212w, https:\/\/poeticavivace.com\/wp-content\/uploads\/2024\/05\/Dialogue-couverture-1-724x1024.jpg 724w, https:\/\/poeticavivace.com\/wp-content\/uploads\/2024\/05\/Dialogue-couverture-1-768x1086.jpg 768w, https:\/\/poeticavivace.com\/wp-content\/uploads\/2024\/05\/Dialogue-couverture-1-1086x1536.jpg 1086w, https:\/\/poeticavivace.com\/wp-content\/uploads\/2024\/05\/Dialogue-couverture-1-700x990.jpg 700w, https:\/\/poeticavivace.com\/wp-content\/uploads\/2024\/05\/Dialogue-couverture-1-300x424.jpg 300w, https:\/\/poeticavivace.com\/wp-content\/uploads\/2024\/05\/Dialogue-couverture-1-600x849.jpg 600w, https:\/\/poeticavivace.com\/wp-content\/uploads\/2024\/05\/Dialogue-couverture-1-42x60.jpg 42w, https:\/\/poeticavivace.com\/wp-content\/uploads\/2024\/05\/Dialogue-couverture-1-64x90.jpg 64w\" sizes=\"auto, (max-width: 1240px) 100vw, 1240px\" \/>\t\t<\/div>\n\t\t<div class=\"qode-pli-text\">\n\t\t\t<div class=\"qode-pli-text-outer\">\n\t\t\t\t<div class=\"qode-pli-text-inner\">\n\t\t\t\t\t    <h4 itemprop=\"name\" class=\"entry-title qode-pli-title\" >\n\t\t<a itemprop=\"url\" href=\"https:\/\/poeticavivace.com\/en\/produit\/dialogue-and-other-pieces-for-clarinet-and-cello\/\">DIALOGUE and other pieces, for clarinet and cello<\/a>\n\t<\/h4>\n\t\t\t\t\t\n\t\t\t\t\t\t\t\t\t\t\n\t\t\t\t\t\t\t\t\t\t\n\t\t\t\t\t\t\t\t\t\t\n\t\t\t\t\t\t<div class=\"qode-pli-price\"><span class=\"woocommerce-Price-amount amount\"><bdi>4,60<span class=\"woocommerce-Price-currencySymbol\">&euro;<\/span><\/bdi><\/span><\/div>\n\n\t\t\t\t<\/div>\n\t\t\t<\/div>\n\t\t<\/div>\n\t\t<a class=\"qode-pli-link\" itemprop=\"url\" href=\"https:\/\/poeticavivace.com\/en\/produit\/dialogue-and-other-pieces-for-clarinet-and-cello\/\" title=\"DIALOGUE and other pieces, for clarinet and cello\"><\/a>\n\t<\/div>\n<\/div><div class=\"qode-pli qode-full-size product type-product post-1027 status-publish last instock product_cat-for-cello product_cat-for-clarinet product_cat-francois-cotinaud-composer has-post-thumbnail featured downloadable virtual taxable purchasable product-type-simple\">\n\t<div class=\"qode-pli-inner\">\n\t\t<div class=\"qode-pli-image\">\n\t\t\t\n\n<img loading=\"lazy\" decoding=\"async\" width=\"1240\" height=\"1754\" src=\"https:\/\/poeticavivace.com\/wp-content\/uploads\/2024\/05\/PoeticaVivace.jpg\" class=\"attachment-full size-full wp-post-image\" alt=\"\" srcset=\"https:\/\/poeticavivace.com\/wp-content\/uploads\/2024\/05\/PoeticaVivace.jpg 1240w, https:\/\/poeticavivace.com\/wp-content\/uploads\/2024\/05\/PoeticaVivace-212x300.jpg 212w, https:\/\/poeticavivace.com\/wp-content\/uploads\/2024\/05\/PoeticaVivace-724x1024.jpg 724w, https:\/\/poeticavivace.com\/wp-content\/uploads\/2024\/05\/PoeticaVivace-768x1086.jpg 768w, https:\/\/poeticavivace.com\/wp-content\/uploads\/2024\/05\/PoeticaVivace-1086x1536.jpg 1086w, https:\/\/poeticavivace.com\/wp-content\/uploads\/2024\/05\/PoeticaVivace-700x990.jpg 700w, https:\/\/poeticavivace.com\/wp-content\/uploads\/2024\/05\/PoeticaVivace-300x424.jpg 300w, https:\/\/poeticavivace.com\/wp-content\/uploads\/2024\/05\/PoeticaVivace-600x849.jpg 600w, https:\/\/poeticavivace.com\/wp-content\/uploads\/2024\/05\/PoeticaVivace-42x60.jpg 42w, https:\/\/poeticavivace.com\/wp-content\/uploads\/2024\/05\/PoeticaVivace-64x90.jpg 64w\" sizes=\"auto, (max-width: 1240px) 100vw, 1240px\" \/>\t\t<\/div>\n\t\t<div class=\"qode-pli-text\">\n\t\t\t<div class=\"qode-pli-text-outer\">\n\t\t\t\t<div class=\"qode-pli-text-inner\">\n\t\t\t\t\t    <h4 itemprop=\"name\" class=\"entry-title qode-pli-title\" >\n\t\t<a itemprop=\"url\" href=\"https:\/\/poeticavivace.com\/en\/produit\/poetica-vivace-for-clarinet-and-cello-3\/\">POETICA VIVACE, for clarinet and cello<\/a>\n\t<\/h4>\n\t\t\t\t\t\n\t\t\t\t\t\t\t\t\t\t\n\t\t\t\t\t\t\t\t\t\t\n\t\t\t\t\t\t\t\t\t\t\n\t\t\t\t\t\t<div class=\"qode-pli-price\"><span class=\"woocommerce-Price-amount amount\"><bdi>4,60<span class=\"woocommerce-Price-currencySymbol\">&euro;<\/span><\/bdi><\/span><\/div>\n\n\t\t\t\t<\/div>\n\t\t\t<\/div>\n\t\t<\/div>\n\t\t<a class=\"qode-pli-link\" itemprop=\"url\" href=\"https:\/\/poeticavivace.com\/en\/produit\/poetica-vivace-for-clarinet-and-cello-3\/\" title=\"POETICA VIVACE, for clarinet and cello\"><\/a>\n\t<\/div>\n<\/div>        <\/div>\n    <\/div>[vc_empty_space height=&#8221;34px&#8221;]<a  itemprop=\"url\" href=\"https:\/\/poeticavivace.com\/partitions-2\/\" target=\"_self\"  class=\"qbutton  medium default\" style=\"\">See all scores<\/a>[vc_empty_space height=&#8221;80px&#8221;][\/vc_column][\/vc_row][vc_row css_animation=&#8221;&#8221; row_type=&#8221;row&#8221; use_row_as_full_screen_section=&#8221;no&#8221; type=&#8221;grid&#8221; angled_section=&#8221;no&#8221; text_align=&#8221;center&#8221; background_image_as_pattern=&#8221;without_pattern&#8221; padding_top=&#8221;20&#8243; padding_bottom=&#8221;20&#8243; z_index=&#8221;&#8221;][vc_column][vc_column_text]<\/p>\n<h1>Le Label Musivi<\/h1>\n<p>[\/vc_column_text][vc_empty_space height=&#8221;28px&#8221;][vc_column_text]<\/p>\n<h4>The label existe since 1988 and has produced 30 records. It contains almost all of Fran\u00e7ois Cotinaud&#8217;s works, as well as some others: Pascal Br\u00e9chet, Carole Hemard, Geoffroy de Masure (no more stocks), V\u00e9ronique Mula, Manu Pekar, Luc Rebelles, Philippe Seignez.<\/h4>\n<p>[\/vc_column_text][vc_empty_space height=&#8221;68px&#8221;]<div class=\"qode-pl-holder qode-standard-layout qode-large-space qode-four-columns qode-info-on-image  \"  data-type=\"standard\" data-info-position=\"info-on-image\" data-number-of-posts=\"4\" data-number-of-columns=\"4\" data-space-between-items=\"large\" data-show-ordering-filter=\"no\" data-orderby=\"date\" data-order=\"DESC\" data-show-category-filter=\"no\" data-show-all-item-in-filter=\"yes\" data-taxonomy-to-display=\"category\" data-taxonomy-values=\"disques\" data-image-size=\"full\" data-display-title=\"yes\" data-title-tag=\"h4\" data-display-category=\"no\" data-display-excerpt=\"no\" data-excerpt-length=\"20\" data-display-rating=\"no\" data-display-price=\"yes\" data-holder-classes=\"qode-standard-layout qode-large-space qode-four-columns qode-info-on-image  \" data-class-name=\"pli\">\n\t                        <div class=\"qode-prl-loading\">\n            <span class=\"qode-prl-loading-msg\">Loading...<\/span>\n        <\/div>\n        <div class=\"qode-pl-outer\">\n            <div class=\"qode-pli qode-full-size product type-product post-1076 status-publish first instock product_cat-for-guitar product_cat-for-percussions product_cat-for-saxophone product_cat-for-trombone product_cat-for-trumpet product_cat-for-vibes product_cat-francois-choiselat-en product_cat-francois-cotinaud-composer product_cat-jerome-lefebvre-en product_cat-pascale-labbe-en product_cat-records product_cat-serge-adam-en product_cat-sylvain-lemetre-en product_tag-epouvantail-en product_tag-francois-cotinaud-en product_tag-jazz-en product_tag-non-symetric-rhythm product_tag-raymond-queneau-en product_tag-serge-adam-en product_tag-vocal-en has-post-thumbnail featured downloadable virtual taxable purchasable product-type-simple\">\n\t<div class=\"qode-pli-inner\">\n\t\t<div class=\"qode-pli-image\">\n\t\t\t\n\n<img loading=\"lazy\" decoding=\"async\" width=\"1240\" height=\"1754\" src=\"https:\/\/poeticavivace.com\/wp-content\/uploads\/2024\/05\/Evanpoutails-1.jpg\" class=\"attachment-full size-full wp-post-image\" alt=\"\" srcset=\"https:\/\/poeticavivace.com\/wp-content\/uploads\/2024\/05\/Evanpoutails-1.jpg 1240w, https:\/\/poeticavivace.com\/wp-content\/uploads\/2024\/05\/Evanpoutails-1-212x300.jpg 212w, https:\/\/poeticavivace.com\/wp-content\/uploads\/2024\/05\/Evanpoutails-1-724x1024.jpg 724w, https:\/\/poeticavivace.com\/wp-content\/uploads\/2024\/05\/Evanpoutails-1-768x1086.jpg 768w, https:\/\/poeticavivace.com\/wp-content\/uploads\/2024\/05\/Evanpoutails-1-1086x1536.jpg 1086w, https:\/\/poeticavivace.com\/wp-content\/uploads\/2024\/05\/Evanpoutails-1-700x990.jpg 700w, https:\/\/poeticavivace.com\/wp-content\/uploads\/2024\/05\/Evanpoutails-1-300x424.jpg 300w, https:\/\/poeticavivace.com\/wp-content\/uploads\/2024\/05\/Evanpoutails-1-600x849.jpg 600w, https:\/\/poeticavivace.com\/wp-content\/uploads\/2024\/05\/Evanpoutails-1-42x60.jpg 42w, https:\/\/poeticavivace.com\/wp-content\/uploads\/2024\/05\/Evanpoutails-1-64x90.jpg 64w\" sizes=\"auto, (max-width: 1240px) 100vw, 1240px\" \/>\t\t<\/div>\n\t\t<div class=\"qode-pli-text\">\n\t\t\t<div class=\"qode-pli-text-outer\">\n\t\t\t\t<div class=\"qode-pli-text-inner\">\n\t\t\t\t\t    <h4 itemprop=\"name\" class=\"entry-title qode-pli-title\" >\n\t\t<a itemprop=\"url\" href=\"https:\/\/poeticavivace.com\/en\/produit\/evanpoutails\/\">EVANPOUTAILS<\/a>\n\t<\/h4>\n\t\t\t\t\t\n\t\t\t\t\t\t\t\t\t\t\n\t\t\t\t\t\t\t\t\t\t\n\t\t\t\t\t\t\t\t\t\t\n\t\t\t\t\t\t<div class=\"qode-pli-price\"><span class=\"woocommerce-Price-amount amount\"><bdi>5,20<span class=\"woocommerce-Price-currencySymbol\">&euro;<\/span><\/bdi><\/span><\/div>\n\n\t\t\t\t<\/div>\n\t\t\t<\/div>\n\t\t<\/div>\n\t\t<a class=\"qode-pli-link\" itemprop=\"url\" href=\"https:\/\/poeticavivace.com\/en\/produit\/evanpoutails\/\" title=\"EVANPOUTAILS\"><\/a>\n\t<\/div>\n<\/div><div class=\"qode-pli qode-full-size product type-product post-698 status-publish instock product_cat-francois-cotinaud-composer product_cat-records has-post-thumbnail taxable shipping-taxable purchasable product-type-simple\">\n\t<div class=\"qode-pli-inner\">\n\t\t<div class=\"qode-pli-image\">\n\t\t\t\n\n<img loading=\"lazy\" decoding=\"async\" width=\"1024\" height=\"942\" src=\"https:\/\/poeticavivace.com\/wp-content\/uploads\/2022\/02\/L_Orphee_de_Rilke-p.jpg\" class=\"attachment-full size-full wp-post-image\" alt=\"\" srcset=\"https:\/\/poeticavivace.com\/wp-content\/uploads\/2022\/02\/L_Orphee_de_Rilke-p.jpg 1024w, https:\/\/poeticavivace.com\/wp-content\/uploads\/2022\/02\/L_Orphee_de_Rilke-p-300x276.jpg 300w, https:\/\/poeticavivace.com\/wp-content\/uploads\/2022\/02\/L_Orphee_de_Rilke-p-768x707.jpg 768w, https:\/\/poeticavivace.com\/wp-content\/uploads\/2022\/02\/L_Orphee_de_Rilke-p-700x644.jpg 700w, https:\/\/poeticavivace.com\/wp-content\/uploads\/2022\/02\/L_Orphee_de_Rilke-p-600x552.jpg 600w, https:\/\/poeticavivace.com\/wp-content\/uploads\/2022\/02\/L_Orphee_de_Rilke-p-65x60.jpg 65w, https:\/\/poeticavivace.com\/wp-content\/uploads\/2022\/02\/L_Orphee_de_Rilke-p-98x90.jpg 98w\" sizes=\"auto, (max-width: 1024px) 100vw, 1024px\" \/>\t\t<\/div>\n\t\t<div class=\"qode-pli-text\">\n\t\t\t<div class=\"qode-pli-text-outer\">\n\t\t\t\t<div class=\"qode-pli-text-inner\">\n\t\t\t\t\t    <h4 itemprop=\"name\" class=\"entry-title qode-pli-title\" >\n\t\t<a itemprop=\"url\" href=\"https:\/\/poeticavivace.com\/en\/produit\/lorphee-de-rilke-ensemble-luxus\/\">L&#8217;Orph\u00e9e de Rilke &#8211; ensemble LUXUS &#8211; Pascale Labb\u00e9, Fran\u00e7ois Cotinaud, and J\u00e9r\u00f4me Lefebvre<\/a>\n\t<\/h4>\n\t\t\t\t\t\n\t\t\t\t\t\t\t\t\t\t\n\t\t\t\t\t\t\t\t\t\t\n\t\t\t\t\t\t\t\t\t\t\n\t\t\t\t\t\t<div class=\"qode-pli-price\"><span class=\"woocommerce-Price-amount amount\"><bdi>15,00<span class=\"woocommerce-Price-currencySymbol\">&euro;<\/span><\/bdi><\/span><\/div>\n\n\t\t\t\t<\/div>\n\t\t\t<\/div>\n\t\t<\/div>\n\t\t<a class=\"qode-pli-link\" itemprop=\"url\" href=\"https:\/\/poeticavivace.com\/en\/produit\/lorphee-de-rilke-ensemble-luxus\/\" title=\"L&#8217;Orph\u00e9e de Rilke &#8211; ensemble LUXUS &#8211; Pascale Labb\u00e9, Fran\u00e7ois Cotinaud, and J\u00e9r\u00f4me Lefebvre\"><\/a>\n\t<\/div>\n<\/div><div class=\"qode-pli qode-full-size product type-product post-634 status-publish instock product_cat-francois-cotinaud-composer product_cat-records has-post-thumbnail featured taxable shipping-taxable purchasable product-type-simple\">\n\t<div class=\"qode-pli-inner\">\n\t\t<div class=\"qode-pli-image\">\n\t\t\t\n\n<img loading=\"lazy\" decoding=\"async\" width=\"1200\" height=\"1079\" src=\"https:\/\/poeticavivace.com\/wp-content\/uploads\/2022\/02\/Mosaiques_Cotinaud_Fuente_multilaterale-p.jpg\" class=\"attachment-full size-full wp-post-image\" alt=\"\" srcset=\"https:\/\/poeticavivace.com\/wp-content\/uploads\/2022\/02\/Mosaiques_Cotinaud_Fuente_multilaterale-p.jpg 1200w, https:\/\/poeticavivace.com\/wp-content\/uploads\/2022\/02\/Mosaiques_Cotinaud_Fuente_multilaterale-p-300x270.jpg 300w, https:\/\/poeticavivace.com\/wp-content\/uploads\/2022\/02\/Mosaiques_Cotinaud_Fuente_multilaterale-p-1024x921.jpg 1024w, https:\/\/poeticavivace.com\/wp-content\/uploads\/2022\/02\/Mosaiques_Cotinaud_Fuente_multilaterale-p-768x691.jpg 768w, https:\/\/poeticavivace.com\/wp-content\/uploads\/2022\/02\/Mosaiques_Cotinaud_Fuente_multilaterale-p-700x629.jpg 700w, https:\/\/poeticavivace.com\/wp-content\/uploads\/2022\/02\/Mosaiques_Cotinaud_Fuente_multilaterale-p-600x540.jpg 600w, https:\/\/poeticavivace.com\/wp-content\/uploads\/2022\/02\/Mosaiques_Cotinaud_Fuente_multilaterale-p-67x60.jpg 67w, https:\/\/poeticavivace.com\/wp-content\/uploads\/2022\/02\/Mosaiques_Cotinaud_Fuente_multilaterale-p-100x90.jpg 100w\" sizes=\"auto, (max-width: 1200px) 100vw, 1200px\" \/>\t\t<\/div>\n\t\t<div class=\"qode-pli-text\">\n\t\t\t<div class=\"qode-pli-text-outer\">\n\t\t\t\t<div class=\"qode-pli-text-inner\">\n\t\t\t\t\t    <h4 itemprop=\"name\" class=\"entry-title qode-pli-title\" >\n\t\t<a itemprop=\"url\" href=\"https:\/\/poeticavivace.com\/en\/produit\/mosaiques-soundpainting-with-francois-cotinaud-and-benjamin-de-la-fuente\/\">Mosa\u00efques &#8211; Soundpainting with Fran\u00e7ois Cotinaud and Benjamin de la Fuente<\/a>\n\t<\/h4>\n\t\t\t\t\t\n\t\t\t\t\t\t\t\t\t\t\n\t\t\t\t\t\t\t\t\t\t\n\t\t\t\t\t\t\t\t\t\t\n\t\t\t\t\t\t<div class=\"qode-pli-price\"><span class=\"woocommerce-Price-amount amount\"><bdi>15,00<span class=\"woocommerce-Price-currencySymbol\">&euro;<\/span><\/bdi><\/span><\/div>\n\n\t\t\t\t<\/div>\n\t\t\t<\/div>\n\t\t<\/div>\n\t\t<a class=\"qode-pli-link\" itemprop=\"url\" href=\"https:\/\/poeticavivace.com\/en\/produit\/mosaiques-soundpainting-with-francois-cotinaud-and-benjamin-de-la-fuente\/\" title=\"Mosa\u00efques &#8211; Soundpainting with Fran\u00e7ois Cotinaud and Benjamin de la Fuente\"><\/a>\n\t<\/div>\n<\/div><div class=\"qode-pli qode-full-size product type-product post-964 status-publish last instock product_cat-cyril-hernandez-en product_cat-eric-groleau-en product_cat-francois-cotinaud-composer product_cat-jean-luc-ponthieux-en product_cat-juan-clemente-en product_cat-pascal-brechet-en-2 product_cat-philippe-lemoine-en-2 product_cat-records product_cat-sophia-domancich-en product_cat-xavier-descarpentries-en has-post-thumbnail taxable shipping-taxable purchasable product-type-simple\">\n\t<div class=\"qode-pli-inner\">\n\t\t<div class=\"qode-pli-image\">\n\t\t\t\n\n<img loading=\"lazy\" decoding=\"async\" width=\"601\" height=\"543\" src=\"https:\/\/poeticavivace.com\/wp-content\/uploads\/2023\/04\/Naked-Lunch.jpg\" class=\"attachment-full size-full wp-post-image\" alt=\"\" srcset=\"https:\/\/poeticavivace.com\/wp-content\/uploads\/2023\/04\/Naked-Lunch.jpg 601w, https:\/\/poeticavivace.com\/wp-content\/uploads\/2023\/04\/Naked-Lunch-300x271.jpg 300w, https:\/\/poeticavivace.com\/wp-content\/uploads\/2023\/04\/Naked-Lunch-66x60.jpg 66w, https:\/\/poeticavivace.com\/wp-content\/uploads\/2023\/04\/Naked-Lunch-100x90.jpg 100w\" sizes=\"auto, (max-width: 601px) 100vw, 601px\" \/>\t\t<\/div>\n\t\t<div class=\"qode-pli-text\">\n\t\t\t<div class=\"qode-pli-text-outer\">\n\t\t\t\t<div class=\"qode-pli-text-inner\">\n\t\t\t\t\t    <h4 itemprop=\"name\" class=\"entry-title qode-pli-title\" >\n\t\t<a itemprop=\"url\" href=\"https:\/\/poeticavivace.com\/en\/produit\/naked-lunch-pascal-brechet\/\">NAKED LUNCH Pascal Br\u00e9chet<\/a>\n\t<\/h4>\n\t\t\t\t\t\n\t\t\t\t\t\t\t\t\t\t\n\t\t\t\t\t\t\t\t\t\t\n\t\t\t\t\t\t\t\t\t\t\n\t\t\t\t\t\t<div class=\"qode-pli-price\"><span class=\"woocommerce-Price-amount amount\"><bdi>16,00<span class=\"woocommerce-Price-currencySymbol\">&euro;<\/span><\/bdi><\/span><\/div>\n\n\t\t\t\t<\/div>\n\t\t\t<\/div>\n\t\t<\/div>\n\t\t<a class=\"qode-pli-link\" itemprop=\"url\" href=\"https:\/\/poeticavivace.com\/en\/produit\/naked-lunch-pascal-brechet\/\" title=\"NAKED LUNCH Pascal Br\u00e9chet\"><\/a>\n\t<\/div>\n<\/div>        <\/div>\n    <\/div>[vc_empty_space height=&#8221;34px&#8221;]<a  itemprop=\"url\" href=\"https:\/\/poeticavivace.com\/disques\/\" target=\"_self\"  class=\"qbutton  medium default\" style=\"\">See all records.<\/a>[vc_empty_space height=&#8221;200px&#8221;][\/vc_column][\/vc_row]<\/p>\n","protected":false},"excerpt":{"rendered":"<p>[vc_row css_animation=&#8221;&#8221; row_type=&#8221;row&#8221; use_row_as_full_screen_section=&#8221;no&#8221; type=&#8221;grid&#8221; angled_section=&#8221;no&#8221; text_align=&#8221;center&#8221; background_image_as_pattern=&#8221;without_pattern&#8221; z_index=&#8221;&#8221;][vc_column][vc_empty_space height=&#8221;68px&#8221;][vc_single_image image=&#8221;453&#8243; img_size=&#8221;full&#8221; alignment=&#8221;center&#8221; qode_css_animation=&#8221;&#8221;][vc_empty_space height=&#8221;38px&#8221;][vc_column_text] Poetica Vivace editions [\/vc_column_text][vc_empty_space height=&#8221;28px&#8221;][vc_column_text] Poetica Vivace publishes works by contemporary composer Fran\u00e7ois Cotinaud : 36 pieces including works for choir, two string quartets, pieces for saxophonne. . Lydian studies&#8230;<\/p>\n","protected":false},"author":2,"featured_media":0,"parent":0,"menu_order":0,"comment_status":"closed","ping_status":"closed","template":"full_width.php","meta":{"footnotes":""},"class_list":["post-477","page","type-page","status-publish","hentry"],"_links":{"self":[{"href":"https:\/\/poeticavivace.com\/en\/wp-json\/wp\/v2\/pages\/477","targetHints":{"allow":["GET"]}}],"collection":[{"href":"https:\/\/poeticavivace.com\/en\/wp-json\/wp\/v2\/pages"}],"about":[{"href":"https:\/\/poeticavivace.com\/en\/wp-json\/wp\/v2\/types\/page"}],"author":[{"embeddable":true,"href":"https:\/\/poeticavivace.com\/en\/wp-json\/wp\/v2\/users\/2"}],"replies":[{"embeddable":true,"href":"https:\/\/poeticavivace.com\/en\/wp-json\/wp\/v2\/comments?post=477"}],"version-history":[{"count":10,"href":"https:\/\/poeticavivace.com\/en\/wp-json\/wp\/v2\/pages\/477\/revisions"}],"predecessor-version":[{"id":1226,"href":"https:\/\/poeticavivace.com\/en\/wp-json\/wp\/v2\/pages\/477\/revisions\/1226"}],"wp:attachment":[{"href":"https:\/\/poeticavivace.com\/en\/wp-json\/wp\/v2\/media?parent=477"}],"curies":[{"name":"wp","href":"https:\/\/api.w.org\/{rel}","templated":true}]}}